{"id":44,"date":"2017-11-22T11:21:55","date_gmt":"2017-11-22T10:21:55","guid":{"rendered":"http:\/\/saunagusmester.dk\/?page_id=44"},"modified":"2019-12-03T19:55:46","modified_gmt":"2019-12-03T18:55:46","slug":"saunagus","status":"publish","type":"page","link":"https:\/\/saunagusmester.dk\/","title":{"rendered":"Om"},"content":{"rendered":"<ul>\n<li>Saunagus underviser p\u00e5\u00a0<a href=\"https:\/\/www.svommebad.dk\/uddannelse\/aqua_akademiet\" target=\"_blank\" rel=\"noopener noreferrer\">Aqua Akademiet<\/a> &#8211; <a href=\"https:\/\/www.svommebad.dk\" target=\"_blank\" rel=\"noopener noreferrer\">Dansk Sv\u00f8mmebadsteknisk Forenings kursusenhed<\/a><\/li>\n<li>S\u00f8lv i klassisk saunagus DM 2019<\/li>\n<li style=\"font-weight: 400;\"><span style=\"font-weight: 400;\">Medlem af <a href=\"http:\/\/www.saunaselskab.dk\" target=\"_blank\" rel=\"noopener noreferrer\">Det Dansk Saunaselskab<\/a><\/span><\/li>\n<li>Frivillig gusmester og underviser p\u00e5 <a href=\"http:\/\/sjaellandsgadebad.dk\" target=\"_blank\" rel=\"noopener noreferrer\">Sj\u00e6llandsgade Bad<\/a><\/li>\n<li>Gusmester, underviser, olie og udstyrs udvalg p\u00e5 Helgoland <a href=\"http:\/\/detkoldegys.dk\" target=\"_blank\" rel=\"noopener noreferrer\">Det Kolde Gys<\/a><\/li>\n<li>Gusmester og vagtplanl\u00e6gger p\u00e5 <a href=\"https:\/\/www.vinterbadbryggen.com\" target=\"_blank\" rel=\"noopener noreferrer\">Vinterbad Bryggen<\/a><\/li>\n<li>Medlem af Det Kolde Gys Vinterbadeforeningen p\u00e5 Helgoland (indmeldt 15 november 2006)<\/li>\n<li>Medlem af <a href=\"http:\/\/saunagus-danmark.dk\" target=\"_blank\" rel=\"noopener noreferrer\">Foreningen Saunagus Danmark<\/a><\/li>\n<li>F\u00f8rstehj\u00e6lpsbevis (seneste kursus 1-6-2017)<\/li>\n<li>Ejer af <a href=\"https:\/\/www.gusmester.dk\">www.gusmester.dk<\/a> webshop. Salg af saunaspande, sauna\u00f8ser, sauna tilbeh\u00f8r og \u00e6teriske olier.<\/li>\n<\/ul>\n","protected":false},"excerpt":{"rendered":"<p>Saunagus underviser p\u00e5\u00a0Aqua Akademiet &#8211; Dansk Sv\u00f8mmebadsteknisk Forenings kursusenhed S\u00f8lv i klassisk saunagus DM 2019 Medlem af Det Dansk Saunaselskab Frivillig gusmester og underviser p\u00e5 Sj\u00e6llandsgade Bad Gusmester, underviser, olie og udstyrs udvalg p\u00e5 Helgoland Det Kolde Gys Gusmester og vagtplanl\u00e6gger p\u00e5 Vinterbad Bryggen Medlem af Det Kolde Gys Vinterbadeforeningen p\u00e5 Helgoland (indmeldt 15 november &hellip; <\/p>\n<p class=\"link-more\"><a href=\"https:\/\/saunagusmester.dk\/\" class=\"more-link\">L\u00e6s videre<span class=\"screen-reader-text\"> &#8220;Om&#8221;<\/span><\/a><\/p>\n","protected":false},"author":1,"featured_media":525,"parent":0,"menu_order":0,"comment_status":"closed","ping_status":"closed","template":"","meta":{"footnotes":""},"class_list":["post-44","page","type-page","status-publish","has-post-thumbnail","hentry"],"_links":{"self":[{"href":"https:\/\/saunagusmester.dk\/index.php?rest_route=\/wp\/v2\/pages\/44"}],"collection":[{"href":"https:\/\/saunagusmester.dk\/index.php?rest_route=\/wp\/v2\/pages"}],"about":[{"href":"https:\/\/saunagusmester.dk\/index.php?rest_route=\/wp\/v2\/types\/page"}],"author":[{"embeddable":true,"href":"https:\/\/saunagusmester.dk\/index.php?rest_route=\/wp\/v2\/users\/1"}],"replies":[{"embeddable":true,"href":"https:\/\/saunagusmester.dk\/index.php?rest_route=%2Fwp%2Fv2%2Fcomments&post=44"}],"version-history":[{"count":15,"href":"https:\/\/saunagusmester.dk\/index.php?rest_route=\/wp\/v2\/pages\/44\/revisions"}],"predecessor-version":[{"id":794,"href":"https:\/\/saunagusmester.dk\/index.php?rest_route=\/wp\/v2\/pages\/44\/revisions\/794"}],"wp:featuredmedia":[{"embeddable":true,"href":"https:\/\/saunagusmester.dk\/index.php?rest_route=\/wp\/v2\/media\/525"}],"wp:attachment":[{"href":"https:\/\/saunagusmester.dk\/index.php?rest_route=%2Fwp%2Fv2%2Fmedia&parent=44"}],"curies":[{"name":"wp","href":"https:\/\/api.w.org\/{rel}","templated":true}]}}