{"id":510,"date":"2019-08-20T21:54:36","date_gmt":"2019-08-20T19:54:36","guid":{"rendered":"http:\/\/saunagusmester.dk\/?page_id=510"},"modified":"2021-07-02T12:18:58","modified_gmt":"2021-07-02T10:18:58","slug":"book-2","status":"publish","type":"page","link":"https:\/\/saunagusmester.dk\/?page_id=510","title":{"rendered":"Lej en gusmester til jeres sauna."},"content":{"rendered":"\n<p>Det er Jeres egen skyld hvis saunaen er kedelig. Jeg findes jo.<\/p>\n\n\n\n<p>Jeg debuterede som saunagusmester i 17\u2032 \u2013 og siden da er det g\u00e5et st\u00e6rkt. Jeg fik s\u00f8lv i klassisk saunagus til DM i 2019, v\u00e6ret gusmester til en masse events i b\u00e5de Danmark og udlandet.<\/p>\n\n\n\n<p>P\u00e5 frivillig siden er jeg gusmester i hele tre vinterbadeklubber i K\u00f8benhavn. Derudover har jeg lavet saunagus i alle former for saunaer, b\u00e5de helt sm\u00e5 mobil saunaer, telt saunaer og k\u00e6mpe store spa saunaer.<\/p>\n\n\n\n<ul class=\"wp-block-list\"><li>Polterabend<\/li><li>Julefrokost<\/li><li>Teambuilding<\/li><li>F\u00f8dselsdag<\/li><li>Workshop<\/li><li>Pigeaften<\/li><li>Herreaften<\/li><li>og alt andet!<\/li><\/ul>\n\n\n\n<p>Saunagus kan blive skr\u00e6ddersyet til jer, hvis I \u00f8nsker.<\/p>\n\n\n\n<p><\/p>\n\n\n\n<div class=\"wpcf7 no-js\" id=\"wpcf7-f832-o1\" lang=\"da-DK\" dir=\"ltr\" data-wpcf7-id=\"832\">\n<div class=\"screen-reader-response\"><p role=\"status\" aria-live=\"polite\" aria-atomic=\"true\"><\/p> <ul><\/ul><\/div>\n<form action=\"\/index.php?rest_route=%2Fwp%2Fv2%2Fpages%2F510#wpcf7-f832-o1\" method=\"post\" class=\"wpcf7-form init\" aria-label=\"Kontaktformular\" novalidate=\"novalidate\" data-status=\"init\">\n<div style=\"display: none;\">\n<input type=\"hidden\" name=\"_wpcf7\" value=\"832\" \/>\n<input type=\"hidden\" name=\"_wpcf7_version\" value=\"6.0.6\" \/>\n<input type=\"hidden\" name=\"_wpcf7_locale\" value=\"da_DK\" \/>\n<input type=\"hidden\" name=\"_wpcf7_unit_tag\" value=\"wpcf7-f832-o1\" \/>\n<input type=\"hidden\" name=\"_wpcf7_container_post\" value=\"0\" \/>\n<input type=\"hidden\" name=\"_wpcf7_posted_data_hash\" value=\"\" \/>\n<\/div>\n<p><label> Dit navn<br \/>\n<span class=\"wpcf7-form-control-wrap\" data-name=\"your-name\"><input size=\"40\" maxlength=\"400\" class=\"wpcf7-form-control wpcf7-text wpcf7-validates-as-required\" aria-required=\"true\" aria-invalid=\"false\" value=\"\" type=\"text\" name=\"your-name\" \/><\/span> <\/label>\n<\/p>\n<p><label> Din e-mail<br \/>\n<span class=\"wpcf7-form-control-wrap\" data-name=\"your-email\"><input size=\"40\" maxlength=\"400\" class=\"wpcf7-form-control wpcf7-email wpcf7-validates-as-required wpcf7-text wpcf7-validates-as-email\" aria-required=\"true\" aria-invalid=\"false\" value=\"\" type=\"email\" name=\"your-email\" \/><\/span> <\/label>\n<\/p>\n<p><label> Telefon nummer<br \/>\n<span class=\"wpcf7-form-control-wrap\" data-name=\"tel-572\"><input size=\"40\" maxlength=\"400\" class=\"wpcf7-form-control wpcf7-tel wpcf7-text wpcf7-validates-as-tel\" aria-invalid=\"false\" value=\"\" type=\"tel\" name=\"tel-572\" \/><\/span> <\/label>\n<\/p>\n<p><label> Emne<br \/>\n<span class=\"wpcf7-form-control-wrap\" data-name=\"your-subject\"><input size=\"40\" maxlength=\"400\" class=\"wpcf7-form-control wpcf7-text wpcf7-validates-as-required\" aria-required=\"true\" aria-invalid=\"false\" value=\"\" type=\"text\" name=\"your-subject\" \/><\/span> <\/label>\n<\/p>\n<p><label> Din besked (valgfri)<br \/>\n<span class=\"wpcf7-form-control-wrap\" data-name=\"your-message\"><textarea cols=\"40\" rows=\"10\" maxlength=\"2000\" class=\"wpcf7-form-control wpcf7-textarea\" aria-invalid=\"false\" name=\"your-message\"><\/textarea><\/span> <\/label>\n<\/p>\n<p><span class=\"wpcf7-form-control-wrap\" data-name=\"quiz-731\"><label><span class=\"wpcf7-quiz-label\">1+1=?<\/span> <input size=\"40\" class=\"wpcf7-form-control wpcf7-quiz\" autocomplete=\"off\" aria-required=\"true\" aria-invalid=\"false\" type=\"text\" name=\"quiz-731\" \/><\/label><input type=\"hidden\" name=\"_wpcf7_quiz_answer_quiz-731\" value=\"01152c0034a6396aa771f10a2a4f34c5\" \/><\/span> (for at undg\u00e5 spam)\n<\/p>\n<p><input class=\"wpcf7-form-control wpcf7-submit has-spinner\" type=\"submit\" value=\"Send\" \/>\n<\/p><p style=\"display: none !important;\" class=\"akismet-fields-container\" data-prefix=\"_wpcf7_ak_\"><label>&#916;<textarea name=\"_wpcf7_ak_hp_textarea\" cols=\"45\" rows=\"8\" maxlength=\"100\"><\/textarea><\/label><input type=\"hidden\" id=\"ak_js_1\" name=\"_wpcf7_ak_js\" value=\"16\"\/><script>\ndocument.getElementById( \"ak_js_1\" ).setAttribute( \"value\", ( new Date() ).getTime() );\n<\/script>\n<\/p><div class=\"wpcf7-response-output\" aria-hidden=\"true\"><\/div>\n<\/form>\n<\/div>\n\n\n\n\n<p><\/p>\n","protected":false},"excerpt":{"rendered":"<p>Det er Jeres egen skyld hvis saunaen er kedelig. Jeg findes jo. Jeg debuterede som saunagusmester i 17\u2032 \u2013 og siden da er det g\u00e5et st\u00e6rkt. Jeg fik s\u00f8lv i klassisk saunagus til DM i 2019, v\u00e6ret gusmester til en masse events i b\u00e5de Danmark og udlandet. P\u00e5 frivillig siden er jeg gusmester i hele &hellip; <\/p>\n<p class=\"link-more\"><a href=\"https:\/\/saunagusmester.dk\/?page_id=510\" class=\"more-link\">L\u00e6s videre<span class=\"screen-reader-text\"> &#8220;Lej en gusmester til jeres sauna.&#8221;<\/span><\/a><\/p>\n","protected":false},"author":1,"featured_media":639,"parent":0,"menu_order":0,"comment_status":"closed","ping_status":"closed","template":"","meta":{"footnotes":""},"class_list":["post-510","page","type-page","status-publish","has-post-thumbnail","hentry"],"_links":{"self":[{"href":"https:\/\/saunagusmester.dk\/index.php?rest_route=\/wp\/v2\/pages\/510"}],"collection":[{"href":"https:\/\/saunagusmester.dk\/index.php?rest_route=\/wp\/v2\/pages"}],"about":[{"href":"https:\/\/saunagusmester.dk\/index.php?rest_route=\/wp\/v2\/types\/page"}],"author":[{"embeddable":true,"href":"https:\/\/saunagusmester.dk\/index.php?rest_route=\/wp\/v2\/users\/1"}],"replies":[{"embeddable":true,"href":"https:\/\/saunagusmester.dk\/index.php?rest_route=%2Fwp%2Fv2%2Fcomments&post=510"}],"version-history":[{"count":15,"href":"https:\/\/saunagusmester.dk\/index.php?rest_route=\/wp\/v2\/pages\/510\/revisions"}],"predecessor-version":[{"id":834,"href":"https:\/\/saunagusmester.dk\/index.php?rest_route=\/wp\/v2\/pages\/510\/revisions\/834"}],"wp:featuredmedia":[{"embeddable":true,"href":"https:\/\/saunagusmester.dk\/index.php?rest_route=\/wp\/v2\/media\/639"}],"wp:attachment":[{"href":"https:\/\/saunagusmester.dk\/index.php?rest_route=%2Fwp%2Fv2%2Fmedia&parent=510"}],"curies":[{"name":"wp","href":"https:\/\/api.w.org\/{rel}","templated":true}]}}