{"id":758,"date":"2019-11-11T20:34:20","date_gmt":"2019-11-11T19:34:20","guid":{"rendered":"http:\/\/saunagusmester.dk\/?page_id=758"},"modified":"2019-11-11T20:41:58","modified_gmt":"2019-11-11T19:41:58","slug":"saunagus-haandklaedeteknik","status":"publish","type":"page","link":"https:\/\/saunagusmester.dk\/?page_id=758","title":{"rendered":"Saunagus h\u00e5ndkl\u00e6deteknik"},"content":{"rendered":"\n<p>Saunagus udf\u00f8res ved at svinge og vifte med et h\u00e5ndkl\u00e6de. For at lave et godt gus skal man have styr p\u00e5 3-4 grund h\u00e5ndkl\u00e6de teknikker. Basis teknikkerne er dem der fordeler mest luft i saunaen, men de mere avanceret h\u00e5ndkl\u00e6de teknikker se super flotte ud. B\u00e5de Visa B og Aufguss.it har lavet nogle super gode Gusmester undervisnings videoer. God tr\u00e6ning \ud83d\ude42<\/p>\n\n\n\n<p>Se flere teknikker fra <a href=\"https:\/\/www.youtube.com\/channel\/UCn2klzGM-6d6teAznVNuoNw\/videos\">Visar B her&#8230; <\/a><\/p>\n\n\n\n<figure><iframe loading=\"lazy\" width=\"560\" height=\"315\" src=\"https:\/\/www.youtube.com\/embed\/f-mNQ6mTVl8\" allowfullscreen=\"\"><\/iframe><\/figure>\n\n\n\n<p>Se flere teknikker fra <a rel=\"noreferrer noopener\" aria-label=\"Aufguss.it her... (\u00e5bner i en ny fane)\" href=\"https:\/\/www.youtube.com\/channel\/UC5SLPZ5VUKgh1j43NSHCfLg\/videos\" target=\"_blank\">Aufguss.it her&#8230;<\/a> <\/p>\n\n\n\n<figure><iframe loading=\"lazy\" width=\"560\" height=\"315\" src=\"https:\/\/www.youtube.com\/embed\/YETT86EXfyA\" allowfullscreen=\"\"><\/iframe><\/figure>\n","protected":false},"excerpt":{"rendered":"<p>Saunagus udf\u00f8res ved at svinge og vifte med et h\u00e5ndkl\u00e6de. For at lave et godt gus skal man have styr p\u00e5 3-4 grund h\u00e5ndkl\u00e6de teknikker. Basis teknikkerne er dem der fordeler mest luft i saunaen, men de mere avanceret h\u00e5ndkl\u00e6de teknikker se super flotte ud. B\u00e5de Visa B og Aufguss.it har lavet nogle super gode &hellip; <\/p>\n<p class=\"link-more\"><a href=\"https:\/\/saunagusmester.dk\/?page_id=758\" class=\"more-link\">L\u00e6s videre<span class=\"screen-reader-text\"> &#8220;Saunagus h\u00e5ndkl\u00e6deteknik&#8221;<\/span><\/a><\/p>\n","protected":false},"author":1,"featured_media":0,"parent":0,"menu_order":0,"comment_status":"closed","ping_status":"closed","template":"","meta":{"footnotes":""},"class_list":["post-758","page","type-page","status-publish","hentry"],"_links":{"self":[{"href":"https:\/\/saunagusmester.dk\/index.php?rest_route=\/wp\/v2\/pages\/758"}],"collection":[{"href":"https:\/\/saunagusmester.dk\/index.php?rest_route=\/wp\/v2\/pages"}],"about":[{"href":"https:\/\/saunagusmester.dk\/index.php?rest_route=\/wp\/v2\/types\/page"}],"author":[{"embeddable":true,"href":"https:\/\/saunagusmester.dk\/index.php?rest_route=\/wp\/v2\/users\/1"}],"replies":[{"embeddable":true,"href":"https:\/\/saunagusmester.dk\/index.php?rest_route=%2Fwp%2Fv2%2Fcomments&post=758"}],"version-history":[{"count":2,"href":"https:\/\/saunagusmester.dk\/index.php?rest_route=\/wp\/v2\/pages\/758\/revisions"}],"predecessor-version":[{"id":761,"href":"https:\/\/saunagusmester.dk\/index.php?rest_route=\/wp\/v2\/pages\/758\/revisions\/761"}],"wp:attachment":[{"href":"https:\/\/saunagusmester.dk\/index.php?rest_route=%2Fwp%2Fv2%2Fmedia&parent=758"}],"curies":[{"name":"wp","href":"https:\/\/api.w.org\/{rel}","templated":true}]}}