{"id":771,"date":"2019-11-23T01:23:05","date_gmt":"2019-11-23T00:23:05","guid":{"rendered":"http:\/\/saunagusmester.dk\/?page_id=771"},"modified":"2021-09-03T16:02:10","modified_gmt":"2021-09-03T14:02:10","slug":"gusmester-kursus","status":"publish","type":"page","link":"https:\/\/saunagusmester.dk\/?page_id=771","title":{"rendered":"Gusmester kursus"},"content":{"rendered":"\n<p><strong>Har du lyst til at blive saunagusmester eller blive endnu bedre? S\u00e5 skal du p\u00e5 gusmester kursus.<\/strong><\/p>\n\n\n\n<p>Jeg underviser for Gusmester.dk og Danske Sv\u00f8mmebade.<\/p>\n\n\n\n<p>Se alle gusmester kurser <a href=\"https:\/\/www.gusmester.dk\/product-category\/saunagus-kursus\/\" target=\"_blank\" rel=\"noreferrer noopener\">her&#8230;.<\/a><\/p>\n\n\n\n<p>L\u00e6s <strong>Dansk Sv\u00f8mmebade<\/strong> artikel &#8220;Saunagus er mere popul\u00e6rt end nogensinde f\u00f8r&#8221; om saunagus kursus p\u00e5 side 34-35 <a rel=\"noreferrer noopener\" aria-label=\"her.....  (\u00e5bner i en ny fane)\" href=\"https:\/\/www.epaper.dk\/dsf\/svommebadet\/58\/\" target=\"_blank\">her&#8230;.. <\/a><\/p>\n\n\n\n<p>I samarbejde med Dansk Sv\u00f8mmebade tilbyder jeg b\u00e5de \u00e5bne og interne kursus. Se kursus kalenderen <a href=\"https:\/\/www.svommebad.dk\/uddannelse\/kursus\" target=\"_blank\" rel=\"noreferrer noopener\">her&#8230;.<\/a><\/p>\n\n\n\n<figure><iframe loading=\"lazy\" src=\"https:\/\/www.facebook.com\/plugins\/video.php?href=https%3A%2F%2Fwww.facebook.com%2Fsvommebad%2Fvideos%2F563145894252184%2F&amp;show_text=0&amp;width=560\" width=\"560\" height=\"315\" style=\"border:none;overflow:hidden\" scrolling=\"no\" frameborder=\"0\" allowtransparency=\"true\" allowfullscreen=\"true\"><\/iframe><\/figure>\n\n\n\n<p>Emner:<br>&#8211; Grundregler for saunabrug<br>&#8211; Sammens\u00e6tning af et godt saunagus<br>&#8211; Introduktion til aromaterapi og dens virkning<br>&#8211; Masser af praktiske \u00f8velser i saunaen<br>&#8211; Samt diverse vifteteknikker<\/p>\n\n\n\n<p><strong>Interne saunagus kursus<\/strong><br>Kurser kan desuden afholdes i&nbsp;jeres&nbsp;sv\u00f8mmehal, firma, vinterbade forening for en lukket gruppe deltagere. Det er op til jer, om i vil afgr\u00e6nse kurset til jeres egne deltagere eller om i vil invitere andre deltagere med.<\/p>\n\n\n\n<p>Kontakt Dansk Sv\u00f8mmebadsteknisk Forenings sekretariatet p\u00e5 telefon 43 52 43 53 eller&nbsp;p\u00e5&nbsp;<a rel=\"noreferrer noopener\" aria-label=\" (\u00e5bner i en ny fane)\" href=\"mailto:kontakt@svommebad.dk\" target=\"_blank\">kontakt@svommebad.dk<\/a>&nbsp;for at booke.<br><br>Sp\u00f8rgsm\u00e5l til gusmester uddannelsen, indhold og andre saunagus sp\u00f8rgsm\u00e5l kan sendes direkte til mig via <a href=\"http:\/\/saunagusmester.dk\/?page_id=45\">kontakt formularen her&#8230;<\/a><\/p>\n","protected":false},"excerpt":{"rendered":"<p>Har du lyst til at blive saunagusmester eller blive endnu bedre? S\u00e5 skal du p\u00e5 gusmester kursus. Jeg underviser for Gusmester.dk og Danske Sv\u00f8mmebade. Se alle gusmester kurser her&#8230;. L\u00e6s Dansk Sv\u00f8mmebade artikel &#8220;Saunagus er mere popul\u00e6rt end nogensinde f\u00f8r&#8221; om saunagus kursus p\u00e5 side 34-35 her&#8230;.. I samarbejde med Dansk Sv\u00f8mmebade tilbyder jeg b\u00e5de &hellip; <\/p>\n<p class=\"link-more\"><a href=\"https:\/\/saunagusmester.dk\/?page_id=771\" class=\"more-link\">L\u00e6s videre<span class=\"screen-reader-text\"> &#8220;Gusmester kursus&#8221;<\/span><\/a><\/p>\n","protected":false},"author":1,"featured_media":645,"parent":0,"menu_order":0,"comment_status":"closed","ping_status":"closed","template":"","meta":{"footnotes":""},"class_list":["post-771","page","type-page","status-publish","has-post-thumbnail","hentry"],"_links":{"self":[{"href":"https:\/\/saunagusmester.dk\/index.php?rest_route=\/wp\/v2\/pages\/771"}],"collection":[{"href":"https:\/\/saunagusmester.dk\/index.php?rest_route=\/wp\/v2\/pages"}],"about":[{"href":"https:\/\/saunagusmester.dk\/index.php?rest_route=\/wp\/v2\/types\/page"}],"author":[{"embeddable":true,"href":"https:\/\/saunagusmester.dk\/index.php?rest_route=\/wp\/v2\/users\/1"}],"replies":[{"embeddable":true,"href":"https:\/\/saunagusmester.dk\/index.php?rest_route=%2Fwp%2Fv2%2Fcomments&post=771"}],"version-history":[{"count":26,"href":"https:\/\/saunagusmester.dk\/index.php?rest_route=\/wp\/v2\/pages\/771\/revisions"}],"predecessor-version":[{"id":839,"href":"https:\/\/saunagusmester.dk\/index.php?rest_route=\/wp\/v2\/pages\/771\/revisions\/839"}],"wp:featuredmedia":[{"embeddable":true,"href":"https:\/\/saunagusmester.dk\/index.php?rest_route=\/wp\/v2\/media\/645"}],"wp:attachment":[{"href":"https:\/\/saunagusmester.dk\/index.php?rest_route=%2Fwp%2Fv2%2Fmedia&parent=771"}],"curies":[{"name":"wp","href":"https:\/\/api.w.org\/{rel}","templated":true}]}}